{"id":991,"date":"2022-11-29T19:59:43","date_gmt":"2022-11-29T18:59:43","guid":{"rendered":"https:\/\/artimarti.com\/?post_type=product&#038;p=991"},"modified":"2026-01-01T18:22:48","modified_gmt":"2026-01-01T17:22:48","slug":"narukvica-celik","status":"publish","type":"product","link":"https:\/\/artimarti.com\/index.php\/proizvod\/narukvica-celik\/","title":{"rendered":"Narukvica \u010delik"},"content":{"rendered":"","protected":false},"excerpt":{"rendered":"<p>Mu\u0161ka narukvica s prilagodljivom \u0161irinom.<\/p>\n<p>Materijal :<br \/>\n&#8211; nehr\u0111aju\u0107i \u010delik, otporan na hr\u0111u i guljenje<\/p>\n<p>Nakit ne sadr\u017ei :<br \/>\n&#8211; nikal<br \/>\n&#8211; olovo<br \/>\n&#8211; kadmij<br \/>\n&#8211; ne izaziva alergije<br \/>\n&#8211; zahtjeva minimalno odr\u017eavanje<\/p>\n<p><strong>Napomena: Prilikom odabira modela, naru\u010dujete isti u \u017eeljenoj boji. Obostrana gravura je ura\u010dunata u cijenu i ne napla\u0107uje se dodatno.<\/strong><\/p>\n","protected":false},"featured_media":2056,"template":"","meta":[],"product_brand":[],"product_cat":[45],"product_tag":[],"class_list":{"0":"post-991","1":"product","2":"type-product","3":"status-publish","4":"has-post-thumbnail","6":"product_cat-nakit-za-muskarce","8":"first","9":"instock","10":"sold-individually","11":"shipping-taxable","12":"purchasable","13":"product-type-variable"},"_links":{"self":[{"href":"https:\/\/artimarti.com\/index.php\/wp-json\/wp\/v2\/product\/991","targetHints":{"allow":["GET"]}}],"collection":[{"href":"https:\/\/artimarti.com\/index.php\/wp-json\/wp\/v2\/product"}],"about":[{"href":"https:\/\/artimarti.com\/index.php\/wp-json\/wp\/v2\/types\/product"}],"wp:featuredmedia":[{"embeddable":true,"href":"https:\/\/artimarti.com\/index.php\/wp-json\/wp\/v2\/media\/2056"}],"wp:attachment":[{"href":"https:\/\/artimarti.com\/index.php\/wp-json\/wp\/v2\/media?parent=991"}],"wp:term":[{"taxonomy":"product_brand","embeddable":true,"href":"https:\/\/artimarti.com\/index.php\/wp-json\/wp\/v2\/product_brand?post=991"},{"taxonomy":"product_cat","embeddable":true,"href":"https:\/\/artimarti.com\/index.php\/wp-json\/wp\/v2\/product_cat?post=991"},{"taxonomy":"product_tag","embeddable":true,"href":"https:\/\/artimarti.com\/index.php\/wp-json\/wp\/v2\/product_tag?post=991"}],"curies":[{"name":"wp","href":"https:\/\/api.w.org\/{rel}","templated":true}]}}