{"id":951,"date":"2022-11-29T19:07:36","date_gmt":"2022-11-29T18:07:36","guid":{"rendered":"https:\/\/artimarti.com\/?post_type=product&#038;p=951"},"modified":"2026-01-01T18:24:22","modified_gmt":"2026-01-01T17:24:22","slug":"narukvica-na-lancu","status":"publish","type":"product","link":"https:\/\/artimarti.com\/index.php\/proizvod\/narukvica-na-lancu\/","title":{"rendered":"Narukvica na lancu"},"content":{"rendered":"","protected":false},"excerpt":{"rendered":"<p>Jednostavne, unikatne i iznimno lagane za nositi.<br \/>\nSvaka narukvica je prilagodljive \u0161irine i sami ju prilago\u0111avate \u0161irini ruke.<br \/>\nOdaberi svoj model nakita i kreiraj svoj vlastiti dizajn narukvice.<\/p>\n<p>Materijal :<br \/>\n&#8211; nehr\u0111aju\u0107i \u010delik, otporan na hr\u0111u i guljenje<\/p>\n<p>Nakit ne sadr\u017ei :<br \/>\n&#8211; nikal<br \/>\n&#8211; olovo<br \/>\n&#8211; kadmij<br \/>\n&#8211; ne izaziva alergije<br \/>\n&#8211; zahtjeva minimalno odr\u017eavanje<\/p>\n<p><strong>Napomena: Prilikom odabira modela, naru\u010dujete isti u \u017eeljenoj boji. <\/strong><br \/>\n<strong>Obostrana gravura je ura\u010dunata u cijenu i ne napla\u0107uje se dodatno.<\/strong><\/p>\n","protected":false},"featured_media":948,"template":"","meta":[],"product_brand":[],"product_cat":[41,74],"product_tag":[],"class_list":{"0":"post-951","1":"product","2":"type-product","3":"status-publish","4":"has-post-thumbnail","6":"product_cat-narukvice","7":"product_cat-narukvice-s-jednim-privjeskom","9":"first","10":"instock","11":"sold-individually","12":"shipping-taxable","13":"purchasable","14":"product-type-variable"},"_links":{"self":[{"href":"https:\/\/artimarti.com\/index.php\/wp-json\/wp\/v2\/product\/951","targetHints":{"allow":["GET"]}}],"collection":[{"href":"https:\/\/artimarti.com\/index.php\/wp-json\/wp\/v2\/product"}],"about":[{"href":"https:\/\/artimarti.com\/index.php\/wp-json\/wp\/v2\/types\/product"}],"wp:featuredmedia":[{"embeddable":true,"href":"https:\/\/artimarti.com\/index.php\/wp-json\/wp\/v2\/media\/948"}],"wp:attachment":[{"href":"https:\/\/artimarti.com\/index.php\/wp-json\/wp\/v2\/media?parent=951"}],"wp:term":[{"taxonomy":"product_brand","embeddable":true,"href":"https:\/\/artimarti.com\/index.php\/wp-json\/wp\/v2\/product_brand?post=951"},{"taxonomy":"product_cat","embeddable":true,"href":"https:\/\/artimarti.com\/index.php\/wp-json\/wp\/v2\/product_cat?post=951"},{"taxonomy":"product_tag","embeddable":true,"href":"https:\/\/artimarti.com\/index.php\/wp-json\/wp\/v2\/product_tag?post=951"}],"curies":[{"name":"wp","href":"https:\/\/api.w.org\/{rel}","templated":true}]}}