{"id":8660,"date":"2026-02-07T18:50:24","date_gmt":"2026-02-07T17:50:24","guid":{"rendered":"https:\/\/artimarti.com\/?post_type=product&#038;p=8660"},"modified":"2026-04-28T16:23:29","modified_gmt":"2026-04-28T14:23:29","slug":"ogrlica-medaljon-cvijet-s-fotografijama","status":"publish","type":"product","link":"https:\/\/artimarti.com\/index.php\/proizvod\/ogrlica-medaljon-cvijet-s-fotografijama\/","title":{"rendered":"Ogrlica medaljon cvijet s fotografijama"},"content":{"rendered":"","protected":false},"excerpt":{"rendered":"<p style=\"text-align: left;\">Elegantna, posebna i zbog jednostavnosti nosiva u svim prilikama.<br \/>\nOdaberi svoj model nakita i kreiraj svoj vlastiti dizajn ogrlice.<\/p>\n<p style=\"text-align: left;\">Materijal :<br \/>\n\u2013 nehr\u0111aju\u0107i \u010delik, otporan na hr\u0111u i guljenje<\/p>\n<p style=\"text-align: left;\">Nakit ne sadr\u017ei :<br \/>\n\u2013 nikal<br \/>\n\u2013 olovo<br \/>\n\u2013 kadmij<br \/>\n\u2013 ne izaziva alergije<br \/>\n\u2013 zahtjeva minimalno odr\u017eavanje<\/p>\n<p style=\"text-align: left;\">\u017deljenu sliku unesite u za to predvi\u0111eno polje ni\u017ee.<\/p>\n<p style=\"text-align: left;\"><strong>Napomena: <\/strong><\/p>\n<p style=\"text-align: left;\"><strong>&#8211; prilikom odabira modela, naru\u010dujete isti u \u017eeljenoj boji<\/strong><\/p>\n<p><strong>&#8211; gravura ide sa unutarnje ili vanjske strane medaljona (molim navesti u napomenu na koju stranu \u017eelite gravuru). U<\/strong><strong>koliko izaberete unutarnju gravuru vodite ra\u010duna da \u0107e se gravura nalaziti ispod va\u0161e prilo\u017eene fotografije.<\/strong><\/p>\n","protected":false},"featured_media":8667,"template":"","meta":[],"product_brand":[],"product_cat":[389],"product_tag":[],"class_list":{"0":"post-8660","1":"product","2":"type-product","3":"status-publish","4":"has-post-thumbnail","6":"product_cat-ogrlica-medaljon-s-fotografijama","8":"first","9":"instock","10":"shipping-taxable","11":"purchasable","12":"product-type-variable"},"_links":{"self":[{"href":"https:\/\/artimarti.com\/index.php\/wp-json\/wp\/v2\/product\/8660","targetHints":{"allow":["GET"]}}],"collection":[{"href":"https:\/\/artimarti.com\/index.php\/wp-json\/wp\/v2\/product"}],"about":[{"href":"https:\/\/artimarti.com\/index.php\/wp-json\/wp\/v2\/types\/product"}],"wp:featuredmedia":[{"embeddable":true,"href":"https:\/\/artimarti.com\/index.php\/wp-json\/wp\/v2\/media\/8667"}],"wp:attachment":[{"href":"https:\/\/artimarti.com\/index.php\/wp-json\/wp\/v2\/media?parent=8660"}],"wp:term":[{"taxonomy":"product_brand","embeddable":true,"href":"https:\/\/artimarti.com\/index.php\/wp-json\/wp\/v2\/product_brand?post=8660"},{"taxonomy":"product_cat","embeddable":true,"href":"https:\/\/artimarti.com\/index.php\/wp-json\/wp\/v2\/product_cat?post=8660"},{"taxonomy":"product_tag","embeddable":true,"href":"https:\/\/artimarti.com\/index.php\/wp-json\/wp\/v2\/product_tag?post=8660"}],"curies":[{"name":"wp","href":"https:\/\/api.w.org\/{rel}","templated":true}]}}