{"id":8563,"date":"2026-01-22T14:46:01","date_gmt":"2026-01-22T13:46:01","guid":{"rendered":"https:\/\/artimarti.com\/?post_type=product&#038;p=8563"},"modified":"2026-01-22T15:14:51","modified_gmt":"2026-01-22T14:14:51","slug":"personalizirana-zenska-ogrlica-s-dva-privjeska","status":"publish","type":"product","link":"https:\/\/artimarti.com\/index.php\/proizvod\/personalizirana-zenska-ogrlica-s-dva-privjeska\/","title":{"rendered":"Personalizirana \u017eenska ogrlica s dva privjeska"},"content":{"rendered":"","protected":false},"excerpt":{"rendered":"<p>Personaliziraj izabrani komad nakita rukopisom voljene osobe ili stvori uspomenu najdra\u017eoj osobi svojim rukopisom.<br \/>\nMaterijal :<br \/>\n&#8211; nehr\u0111aju\u0107i \u010delik, otporan na hr\u0111u i guljenje<br \/>\nNakit ne sadr\u017ei :<br \/>\n&#8211; nikal<br \/>\n&#8211; olovo<br \/>\n&#8211; kadmij<br \/>\n&#8211; ne izaziva alergije<br \/>\n&#8211; zahtjeva minimalno odr\u017eavanje<\/p>\n<p><strong>Napomena: slika treba biti jasno vidljiva,a ukoliko slika ne bude odgovaraju\u0107a javit \u0107emo vam se povratno putem e-maila.<\/strong><\/p>\n","protected":false},"featured_media":8567,"template":"","meta":[],"product_brand":[],"product_cat":[345],"product_tag":[],"class_list":{"0":"post-8563","1":"product","2":"type-product","3":"status-publish","4":"has-post-thumbnail","6":"product_cat-personalizirane-slike","8":"first","9":"instock","10":"sold-individually","11":"shipping-taxable","12":"purchasable","13":"product-type-variable"},"_links":{"self":[{"href":"https:\/\/artimarti.com\/index.php\/wp-json\/wp\/v2\/product\/8563","targetHints":{"allow":["GET"]}}],"collection":[{"href":"https:\/\/artimarti.com\/index.php\/wp-json\/wp\/v2\/product"}],"about":[{"href":"https:\/\/artimarti.com\/index.php\/wp-json\/wp\/v2\/types\/product"}],"wp:featuredmedia":[{"embeddable":true,"href":"https:\/\/artimarti.com\/index.php\/wp-json\/wp\/v2\/media\/8567"}],"wp:attachment":[{"href":"https:\/\/artimarti.com\/index.php\/wp-json\/wp\/v2\/media?parent=8563"}],"wp:term":[{"taxonomy":"product_brand","embeddable":true,"href":"https:\/\/artimarti.com\/index.php\/wp-json\/wp\/v2\/product_brand?post=8563"},{"taxonomy":"product_cat","embeddable":true,"href":"https:\/\/artimarti.com\/index.php\/wp-json\/wp\/v2\/product_cat?post=8563"},{"taxonomy":"product_tag","embeddable":true,"href":"https:\/\/artimarti.com\/index.php\/wp-json\/wp\/v2\/product_tag?post=8563"}],"curies":[{"name":"wp","href":"https:\/\/api.w.org\/{rel}","templated":true}]}}