{"id":7783,"date":"2025-08-24T23:07:40","date_gmt":"2025-08-24T21:07:40","guid":{"rendered":"https:\/\/artimarti.com\/?post_type=product&#038;p=7783"},"modified":"2026-03-11T22:09:42","modified_gmt":"2026-03-11T21:09:42","slug":"privjesak-za-vjencani-buket","status":"publish","type":"product","link":"https:\/\/artimarti.com\/index.php\/proizvod\/privjesak-za-vjencani-buket\/","title":{"rendered":"Privjesak za vjen\u010dani buket"},"content":{"rendered":"","protected":false},"excerpt":{"rendered":"<p style=\"text-align: left;\">Privjesak za vjen\u010dani buket s va\u0161im osobnim fotografijama, dolazi Vam skupa s kop\u010dom koju mo\u017eete zaka\u010diti za buket.<\/p>\n<p style=\"text-align: left;\">Materijal :<br \/>\n\u2013 nehr\u0111aju\u0107i \u010delik, otporan na hr\u0111u i guljenje<\/p>\n<p style=\"text-align: left;\">Nakit ne sadr\u017ei :<br \/>\n\u2013 nikal<br \/>\n\u2013 olovo<br \/>\n\u2013 kadmij<br \/>\n\u2013 ne izaziva alergije<br \/>\n\u2013 zahtjeva minimalno odr\u017eavanje<\/p>\n<p style=\"text-align: left;\">\u017deljenu sliku unesite u za to predvi\u0111eno polje ni\u017ee.<\/p>\n<p style=\"text-align: left;\"><strong>Napomena: <\/strong><\/p>\n<p style=\"text-align: left;\"><strong>&#8211; prilikom odabira modela, naru\u010dujete isti u \u017eeljenoj boji<\/strong><\/p>\n<p><strong>&#8211; kod odabira modela &#8220;Medaljon Cvijet&#8221; gravura ide sa unutarnje ili vanjske strane medaljona (molim navesti u napomenu na koju stranu \u017eelite gravuru). U<\/strong><strong>koliko izaberete unutarnju gravuru vodite ra\u010duna da \u0107e se gravura nalaziti ispod va\u0161e prilo\u017eene fotografije.<\/strong><\/p>\n","protected":false},"featured_media":7790,"template":"","meta":[],"product_brand":[],"product_cat":[389],"product_tag":[],"class_list":{"0":"post-7783","1":"product","2":"type-product","3":"status-publish","4":"has-post-thumbnail","6":"product_cat-ogrlica-medaljon-s-fotografijama","8":"first","9":"instock","10":"sold-individually","11":"shipping-taxable","12":"purchasable","13":"product-type-variable"},"_links":{"self":[{"href":"https:\/\/artimarti.com\/index.php\/wp-json\/wp\/v2\/product\/7783","targetHints":{"allow":["GET"]}}],"collection":[{"href":"https:\/\/artimarti.com\/index.php\/wp-json\/wp\/v2\/product"}],"about":[{"href":"https:\/\/artimarti.com\/index.php\/wp-json\/wp\/v2\/types\/product"}],"wp:featuredmedia":[{"embeddable":true,"href":"https:\/\/artimarti.com\/index.php\/wp-json\/wp\/v2\/media\/7790"}],"wp:attachment":[{"href":"https:\/\/artimarti.com\/index.php\/wp-json\/wp\/v2\/media?parent=7783"}],"wp:term":[{"taxonomy":"product_brand","embeddable":true,"href":"https:\/\/artimarti.com\/index.php\/wp-json\/wp\/v2\/product_brand?post=7783"},{"taxonomy":"product_cat","embeddable":true,"href":"https:\/\/artimarti.com\/index.php\/wp-json\/wp\/v2\/product_cat?post=7783"},{"taxonomy":"product_tag","embeddable":true,"href":"https:\/\/artimarti.com\/index.php\/wp-json\/wp\/v2\/product_tag?post=7783"}],"curies":[{"name":"wp","href":"https:\/\/api.w.org\/{rel}","templated":true}]}}