{"id":7186,"date":"2025-06-19T16:15:33","date_gmt":"2025-06-19T14:15:33","guid":{"rendered":"https:\/\/artimarti.com\/?post_type=product&#038;p=7186"},"modified":"2026-02-22T22:47:15","modified_gmt":"2026-02-22T21:47:15","slug":"privjesak-knjiga","status":"publish","type":"product","link":"https:\/\/artimarti.com\/index.php\/proizvod\/privjesak-knjiga\/","title":{"rendered":"Privjesak knjiga"},"content":{"rendered":"","protected":false},"excerpt":{"rendered":"<p>Jednostavni a posebni s vrlo zanimljivim dizajnom, samim time prikladni za svakodnevno no\u0161enje<\/p>\n<p>Materijal :<br \/>\n\u2013 nehr\u0111aju\u0107i \u010delik, otporan na hr\u0111u i guljenje<\/p>\n<p>Nakit ne sadr\u017ei :<br \/>\n\u2013 nikal<br \/>\n\u2013 olovo<br \/>\n\u2013 kadmij<br \/>\n\u2013 ne izaziva alergije<br \/>\n\u2013 zahtjeva minimalno odr\u017eavanje<\/p>\n<p><strong>Napomena: Prilikom odabira modela, naru\u010dujete isti u \u017eeljenoj boji.<\/strong><br \/>\n<strong>Gravura je mogu\u0107a na svim listovima knjige (3 lista) kao i na prednjoj i na stra\u017enjoj strani knjige. Navedite to\u010dno koju gravuru \u017eelite na koji list &#8211; prednju ili stra\u017enju stranu.<\/strong><\/p>\n","protected":false},"featured_media":7195,"template":"","meta":[],"product_brand":[],"product_cat":[42],"product_tag":[],"class_list":{"0":"post-7186","1":"product","2":"type-product","3":"status-publish","4":"has-post-thumbnail","6":"product_cat-privjesci-za-kljuceve","8":"first","9":"instock","10":"sold-individually","11":"shipping-taxable","12":"purchasable","13":"product-type-variable"},"_links":{"self":[{"href":"https:\/\/artimarti.com\/index.php\/wp-json\/wp\/v2\/product\/7186","targetHints":{"allow":["GET"]}}],"collection":[{"href":"https:\/\/artimarti.com\/index.php\/wp-json\/wp\/v2\/product"}],"about":[{"href":"https:\/\/artimarti.com\/index.php\/wp-json\/wp\/v2\/types\/product"}],"wp:featuredmedia":[{"embeddable":true,"href":"https:\/\/artimarti.com\/index.php\/wp-json\/wp\/v2\/media\/7195"}],"wp:attachment":[{"href":"https:\/\/artimarti.com\/index.php\/wp-json\/wp\/v2\/media?parent=7186"}],"wp:term":[{"taxonomy":"product_brand","embeddable":true,"href":"https:\/\/artimarti.com\/index.php\/wp-json\/wp\/v2\/product_brand?post=7186"},{"taxonomy":"product_cat","embeddable":true,"href":"https:\/\/artimarti.com\/index.php\/wp-json\/wp\/v2\/product_cat?post=7186"},{"taxonomy":"product_tag","embeddable":true,"href":"https:\/\/artimarti.com\/index.php\/wp-json\/wp\/v2\/product_tag?post=7186"}],"curies":[{"name":"wp","href":"https:\/\/api.w.org\/{rel}","templated":true}]}}