{"id":6701,"date":"2025-04-15T22:57:18","date_gmt":"2025-04-15T20:57:18","guid":{"rendered":"https:\/\/artimarti.com\/?post_type=product&#038;p=6701"},"modified":"2026-01-01T17:42:44","modified_gmt":"2026-01-01T16:42:44","slug":"personalizirana-heart-narukvica-s-tri-privjeska-crtez","status":"publish","type":"product","link":"https:\/\/artimarti.com\/index.php\/proizvod\/personalizirana-heart-narukvica-s-tri-privjeska-crtez\/","title":{"rendered":"Dje\u010dji crte\u017ei na narukvici Heart s tri privjeska"},"content":{"rendered":"","protected":false},"excerpt":{"rendered":"<p>Personaliziraj izabrani komad nakita rukopisom voljene osobe ili stvori uspomenu najdra\u017eoj osobi svojim rukopisom.<br \/>\nMaterijal :<br \/>\n&#8211; nehr\u0111aju\u0107i \u010delik, otporan na hr\u0111u i guljenje<br \/>\nNakit ne sadr\u017ei :<br \/>\n&#8211; nikal<br \/>\n&#8211; olovo<br \/>\n&#8211; kadmij<br \/>\n&#8211; ne izaziva alergije<br \/>\n&#8211; zahtjeva minimalno odr\u017eavanje<\/p>\n<p><strong>Napomena: crte\u017e treba biti nacrtan crnom kemijskom\/markerom na \u010distom bijelom papiru. Ukoliko crte\u017e ne bude odgovaraju\u0107i javit \u0107emo vam se povratno putem e-maila.<\/strong><\/p>\n<p><strong>Prilikom odabira modela, naru\u010dujete isti u \u017eeljenoj boji.\u00a0<\/strong><\/p>\n<p><strong>Crte\u017ee unesite na dnu proizvoda u &#8220;Drag &amp; Drop Files&#8221; polje.<\/strong><\/p>\n","protected":false},"featured_media":6703,"template":"","meta":[],"product_brand":[],"product_cat":[176],"product_tag":[],"class_list":{"0":"post-6701","1":"product","2":"type-product","3":"status-publish","4":"has-post-thumbnail","6":"product_cat-djecji-crtezi","8":"first","9":"instock","10":"sold-individually","11":"shipping-taxable","12":"purchasable","13":"product-type-variable"},"_links":{"self":[{"href":"https:\/\/artimarti.com\/index.php\/wp-json\/wp\/v2\/product\/6701","targetHints":{"allow":["GET"]}}],"collection":[{"href":"https:\/\/artimarti.com\/index.php\/wp-json\/wp\/v2\/product"}],"about":[{"href":"https:\/\/artimarti.com\/index.php\/wp-json\/wp\/v2\/types\/product"}],"wp:featuredmedia":[{"embeddable":true,"href":"https:\/\/artimarti.com\/index.php\/wp-json\/wp\/v2\/media\/6703"}],"wp:attachment":[{"href":"https:\/\/artimarti.com\/index.php\/wp-json\/wp\/v2\/media?parent=6701"}],"wp:term":[{"taxonomy":"product_brand","embeddable":true,"href":"https:\/\/artimarti.com\/index.php\/wp-json\/wp\/v2\/product_brand?post=6701"},{"taxonomy":"product_cat","embeddable":true,"href":"https:\/\/artimarti.com\/index.php\/wp-json\/wp\/v2\/product_cat?post=6701"},{"taxonomy":"product_tag","embeddable":true,"href":"https:\/\/artimarti.com\/index.php\/wp-json\/wp\/v2\/product_tag?post=6701"}],"curies":[{"name":"wp","href":"https:\/\/api.w.org\/{rel}","templated":true}]}}