{"id":6695,"date":"2025-04-15T22:46:14","date_gmt":"2025-04-15T20:46:14","guid":{"rendered":"https:\/\/artimarti.com\/?post_type=product&#038;p=6695"},"modified":"2026-01-01T17:42:58","modified_gmt":"2026-01-01T16:42:58","slug":"narukvica-sun-s-cetiri-privjeska","status":"publish","type":"product","link":"https:\/\/artimarti.com\/index.php\/proizvod\/narukvica-sun-s-cetiri-privjeska\/","title":{"rendered":"Narukvica Sun s \u010detiri privjeska"},"content":{"rendered":"","protected":false},"excerpt":{"rendered":"<p>Jednostavne, unikatne i iznimno lagane za nositi.<br \/>\nSvaka narukvica je podesive \u0161irine i sami ju prilago\u0111avate \u0161irini ruke.<br \/>\nOdaberi svoj model nakita i kreiraj svoj vlastiti dizajn narukvice.<\/p>\n<p>Materijal :<br \/>\n\u2013 nehr\u0111aju\u0107i \u010delik, otporan na hr\u0111u i guljenje<\/p>\n<p>Nakit ne sadr\u017ei :<br \/>\n\u2013 nikal<br \/>\n\u2013 olovo<br \/>\n\u2013 kadmij<br \/>\n\u2013 ne izaziva alergije<br \/>\n\u2013 zahtjeva minimalno odr\u017eavanje<\/p>\n<p><strong>Napomena: Prilikom odabira modela, naru\u010dujete isti u \u017eeljenoj boji.<\/strong><br \/>\n<strong>Obostrana gravura je ura\u010dunata u cijenu i ne napla\u0107uje se dodatno.<\/strong><\/p>\n","protected":false},"featured_media":6699,"template":"","meta":[],"product_brand":[],"product_cat":[41,258],"product_tag":[],"class_list":{"0":"post-6695","1":"product","2":"type-product","3":"status-publish","4":"has-post-thumbnail","6":"product_cat-narukvice","7":"product_cat-narukvice-s-4-privjeska","9":"first","10":"instock","11":"sold-individually","12":"shipping-taxable","13":"purchasable","14":"product-type-variable"},"_links":{"self":[{"href":"https:\/\/artimarti.com\/index.php\/wp-json\/wp\/v2\/product\/6695","targetHints":{"allow":["GET"]}}],"collection":[{"href":"https:\/\/artimarti.com\/index.php\/wp-json\/wp\/v2\/product"}],"about":[{"href":"https:\/\/artimarti.com\/index.php\/wp-json\/wp\/v2\/types\/product"}],"wp:featuredmedia":[{"embeddable":true,"href":"https:\/\/artimarti.com\/index.php\/wp-json\/wp\/v2\/media\/6699"}],"wp:attachment":[{"href":"https:\/\/artimarti.com\/index.php\/wp-json\/wp\/v2\/media?parent=6695"}],"wp:term":[{"taxonomy":"product_brand","embeddable":true,"href":"https:\/\/artimarti.com\/index.php\/wp-json\/wp\/v2\/product_brand?post=6695"},{"taxonomy":"product_cat","embeddable":true,"href":"https:\/\/artimarti.com\/index.php\/wp-json\/wp\/v2\/product_cat?post=6695"},{"taxonomy":"product_tag","embeddable":true,"href":"https:\/\/artimarti.com\/index.php\/wp-json\/wp\/v2\/product_tag?post=6695"}],"curies":[{"name":"wp","href":"https:\/\/api.w.org\/{rel}","templated":true}]}}