{"id":6184,"date":"2025-01-24T23:01:22","date_gmt":"2025-01-24T22:01:22","guid":{"rendered":"https:\/\/artimarti.com\/?post_type=product&#038;p=6184"},"modified":"2026-01-01T17:45:57","modified_gmt":"2026-01-01T16:45:57","slug":"personalizirana-narukvica-na-spagi-s-jednim-privjeskom","status":"publish","type":"product","link":"https:\/\/artimarti.com\/index.php\/proizvod\/personalizirana-narukvica-na-spagi-s-jednim-privjeskom\/","title":{"rendered":"Dje\u010dji crte\u017e na narukvici na \u0161pagi s jednim privjeskom"},"content":{"rendered":"","protected":false},"excerpt":{"rendered":"<p>Jednostavne, unikatne i iznimno lagane za nositi.<br \/>\nPrilagodljive \u0161irine.<br \/>\nOdaberi svoj model nakita i kreiraj svoj vlastiti dizajn narukvice.<\/p>\n<p>Materijal :<br \/>\n\u2013 nehr\u0111aju\u0107i \u010delik, otporan na hr\u0111u i guljenje<\/p>\n<p>Nakit ne sadr\u017ei :<br \/>\n\u2013 nikal<br \/>\n\u2013 olovo<br \/>\n\u2013 kadmij<br \/>\n\u2013 ne izaziva alergije<br \/>\n\u2013 zahtjeva minimalno odr\u017eavanje<\/p>\n<p><strong>Napomena: slika treba biti jasno vidljiva a sami crte\u017e napisan crnom kemijskom\/markerom na \u010distom bijelom papiru. Ukoliko slika ne bude odgovaraju\u0107a javit \u0107emo vam se povratno putem e-maila.<\/strong><\/p>\n","protected":false},"featured_media":6186,"template":"","meta":[],"product_brand":[],"product_cat":[176],"product_tag":[],"class_list":{"0":"post-6184","1":"product","2":"type-product","3":"status-publish","4":"has-post-thumbnail","6":"product_cat-djecji-crtezi","8":"first","9":"instock","10":"sold-individually","11":"shipping-taxable","12":"purchasable","13":"product-type-variable"},"_links":{"self":[{"href":"https:\/\/artimarti.com\/index.php\/wp-json\/wp\/v2\/product\/6184","targetHints":{"allow":["GET"]}}],"collection":[{"href":"https:\/\/artimarti.com\/index.php\/wp-json\/wp\/v2\/product"}],"about":[{"href":"https:\/\/artimarti.com\/index.php\/wp-json\/wp\/v2\/types\/product"}],"wp:featuredmedia":[{"embeddable":true,"href":"https:\/\/artimarti.com\/index.php\/wp-json\/wp\/v2\/media\/6186"}],"wp:attachment":[{"href":"https:\/\/artimarti.com\/index.php\/wp-json\/wp\/v2\/media?parent=6184"}],"wp:term":[{"taxonomy":"product_brand","embeddable":true,"href":"https:\/\/artimarti.com\/index.php\/wp-json\/wp\/v2\/product_brand?post=6184"},{"taxonomy":"product_cat","embeddable":true,"href":"https:\/\/artimarti.com\/index.php\/wp-json\/wp\/v2\/product_cat?post=6184"},{"taxonomy":"product_tag","embeddable":true,"href":"https:\/\/artimarti.com\/index.php\/wp-json\/wp\/v2\/product_tag?post=6184"}],"curies":[{"name":"wp","href":"https:\/\/api.w.org\/{rel}","templated":true}]}}