{"id":5713,"date":"2024-10-24T23:50:19","date_gmt":"2024-10-24T21:50:19","guid":{"rendered":"https:\/\/artimarti.com\/?post_type=product&#038;p=5713"},"modified":"2026-01-19T11:11:51","modified_gmt":"2026-01-19T10:11:51","slug":"personalizirana-circle-narukvica-rukopis","status":"publish","type":"product","link":"https:\/\/artimarti.com\/index.php\/proizvod\/personalizirana-circle-narukvica-rukopis\/","title":{"rendered":"Personalizirana Circle Narukvica"},"content":{"rendered":"","protected":false},"excerpt":{"rendered":"<p>Personaliziraj izabrani komad nakita rukopisom voljene osobe ili stvori uspomenu najdra\u017eoj osobi svojim rukopisom.<br \/>\nMaterijal :<br \/>\n&#8211; nehr\u0111aju\u0107i \u010delik, otporan na hr\u0111u i guljenje<br \/>\nNakit ne sadr\u017ei :<br \/>\n&#8211; nikal<br \/>\n&#8211; olovo<br \/>\n&#8211; kadmij<br \/>\n&#8211; ne izaziva alergije<br \/>\n&#8211; zahtjeva minimalno odr\u017eavanje<\/p>\n<p><strong>Napomena: rukopis treba biti napisan crnom kemijskom\/markerom na \u010distom bijelom papiru. Ukoliko slika rukopisa ne bude odgovaraju\u0107a javit \u0107emo vam se povratno putem e-maila.<\/strong><\/p>\n<p><strong>Prilikom odabira modela, naru\u010dujete isti u \u017eeljenoj boji.<\/strong><\/p>\n","protected":false},"featured_media":6364,"template":"","meta":[],"product_brand":[],"product_cat":[175],"product_tag":[],"class_list":{"0":"post-5713","1":"product","2":"type-product","3":"status-publish","4":"has-post-thumbnail","6":"product_cat-personalizirani-rukopisi","8":"first","9":"instock","10":"sold-individually","11":"shipping-taxable","12":"purchasable","13":"product-type-variable"},"_links":{"self":[{"href":"https:\/\/artimarti.com\/index.php\/wp-json\/wp\/v2\/product\/5713","targetHints":{"allow":["GET"]}}],"collection":[{"href":"https:\/\/artimarti.com\/index.php\/wp-json\/wp\/v2\/product"}],"about":[{"href":"https:\/\/artimarti.com\/index.php\/wp-json\/wp\/v2\/types\/product"}],"wp:featuredmedia":[{"embeddable":true,"href":"https:\/\/artimarti.com\/index.php\/wp-json\/wp\/v2\/media\/6364"}],"wp:attachment":[{"href":"https:\/\/artimarti.com\/index.php\/wp-json\/wp\/v2\/media?parent=5713"}],"wp:term":[{"taxonomy":"product_brand","embeddable":true,"href":"https:\/\/artimarti.com\/index.php\/wp-json\/wp\/v2\/product_brand?post=5713"},{"taxonomy":"product_cat","embeddable":true,"href":"https:\/\/artimarti.com\/index.php\/wp-json\/wp\/v2\/product_cat?post=5713"},{"taxonomy":"product_tag","embeddable":true,"href":"https:\/\/artimarti.com\/index.php\/wp-json\/wp\/v2\/product_tag?post=5713"}],"curies":[{"name":"wp","href":"https:\/\/api.w.org\/{rel}","templated":true}]}}