{"id":5556,"date":"2024-09-16T22:16:38","date_gmt":"2024-09-16T20:16:38","guid":{"rendered":"https:\/\/artimarti.com\/?post_type=product&#038;p=5556"},"modified":"2026-01-01T17:50:08","modified_gmt":"2026-01-01T16:50:08","slug":"personalizirana-narukvica-na-lancu-s-dva-privjeska","status":"publish","type":"product","link":"https:\/\/artimarti.com\/index.php\/proizvod\/personalizirana-narukvica-na-lancu-s-dva-privjeska\/","title":{"rendered":"Personalizirana narukvica na lancu s dva privjeska"},"content":{"rendered":"","protected":false},"excerpt":{"rendered":"<p>Personaliziraj izabrani komad nakita rukopisom voljene osobe ili stvori uspomenu najdra\u017eoj osobi svojim rukopisom.<br \/>\nMaterijal :<br \/>\n&#8211; nehr\u0111aju\u0107i \u010delik, otporan na hr\u0111u i guljenje<br \/>\nNakit ne sadr\u017ei :<br \/>\n&#8211; nikal<br \/>\n&#8211; olovo<br \/>\n&#8211; kadmij<br \/>\n&#8211; ne izaziva alergije<br \/>\n&#8211; zahtjeva minimalno odr\u017eavanje<\/p>\n","protected":false},"featured_media":6380,"template":"","meta":[],"product_brand":[],"product_cat":[345],"product_tag":[],"class_list":{"0":"post-5556","1":"product","2":"type-product","3":"status-publish","4":"has-post-thumbnail","6":"product_cat-personalizirane-slike","8":"first","9":"instock","10":"sold-individually","11":"shipping-taxable","12":"purchasable","13":"product-type-variable"},"_links":{"self":[{"href":"https:\/\/artimarti.com\/index.php\/wp-json\/wp\/v2\/product\/5556","targetHints":{"allow":["GET"]}}],"collection":[{"href":"https:\/\/artimarti.com\/index.php\/wp-json\/wp\/v2\/product"}],"about":[{"href":"https:\/\/artimarti.com\/index.php\/wp-json\/wp\/v2\/types\/product"}],"wp:featuredmedia":[{"embeddable":true,"href":"https:\/\/artimarti.com\/index.php\/wp-json\/wp\/v2\/media\/6380"}],"wp:attachment":[{"href":"https:\/\/artimarti.com\/index.php\/wp-json\/wp\/v2\/media?parent=5556"}],"wp:term":[{"taxonomy":"product_brand","embeddable":true,"href":"https:\/\/artimarti.com\/index.php\/wp-json\/wp\/v2\/product_brand?post=5556"},{"taxonomy":"product_cat","embeddable":true,"href":"https:\/\/artimarti.com\/index.php\/wp-json\/wp\/v2\/product_cat?post=5556"},{"taxonomy":"product_tag","embeddable":true,"href":"https:\/\/artimarti.com\/index.php\/wp-json\/wp\/v2\/product_tag?post=5556"}],"curies":[{"name":"wp","href":"https:\/\/api.w.org\/{rel}","templated":true}]}}