{"id":5462,"date":"2024-09-11T23:15:58","date_gmt":"2024-09-11T21:15:58","guid":{"rendered":"https:\/\/artimarti.com\/?post_type=product&#038;p=5462"},"modified":"2026-01-01T17:52:22","modified_gmt":"2026-01-01T16:52:22","slug":"personalizirana-2u1-ogrlica-s-dva-privjeska","status":"publish","type":"product","link":"https:\/\/artimarti.com\/index.php\/proizvod\/personalizirana-2u1-ogrlica-s-dva-privjeska\/","title":{"rendered":"Personalizirana 2u1 ogrlica s dva privjeska"},"content":{"rendered":"","protected":false},"excerpt":{"rendered":"<p style=\"text-align: left;\">Elegantna, posebna i zbog jednostavnosti nosiva u svim prilikama.<br \/>\nOdaberi svoj model nakita i kreiraj svoj vlastiti dizajn ogrlice.<\/p>\n<p style=\"text-align: left;\">Materijal :<br \/>\n\u2013 nehr\u0111aju\u0107i \u010delik, otporan na hr\u0111u i guljenje<\/p>\n<p style=\"text-align: left;\">Nakit ne sadr\u017ei :<br \/>\n\u2013 nikal<br \/>\n\u2013 olovo<br \/>\n\u2013 kadmij<br \/>\n\u2013 ne izaziva alergije<br \/>\n\u2013 zahtjeva minimalno odr\u017eavanje<\/p>\n<p style=\"text-align: left;\">\u017deljenu sliku unesite u za to predvi\u0111eno polje ni\u017ee.<\/p>\n<p style=\"text-align: left;\"><strong>Napomena: <\/strong><\/p>\n<p style=\"text-align: left;\"><strong>&#8211; prilikom odabira modela, naru\u010dujete isti u \u017eeljenoj boji<\/strong><\/p>\n<p><strong>&#8211; kod odabira modela &#8220;Medaljon Cvijet&#8221; gravura ide sa unutarnje ili vanjske strane medaljona (molim navesti u napomenu na koju stranu \u017eelite gravuru). U<\/strong><strong>koliko izaberete unutarnju gravuru vodite ra\u010duna da \u0107e se gravura nalaziti ispod va\u0161e prilo\u017eene fotografije.<\/strong><\/p>\n","protected":false},"featured_media":6383,"template":"","meta":[],"product_brand":[],"product_cat":[175],"product_tag":[],"class_list":{"0":"post-5462","1":"product","2":"type-product","3":"status-publish","4":"has-post-thumbnail","6":"product_cat-personalizirani-rukopisi","8":"first","9":"instock","10":"shipping-taxable","11":"purchasable","12":"product-type-variable"},"_links":{"self":[{"href":"https:\/\/artimarti.com\/index.php\/wp-json\/wp\/v2\/product\/5462","targetHints":{"allow":["GET"]}}],"collection":[{"href":"https:\/\/artimarti.com\/index.php\/wp-json\/wp\/v2\/product"}],"about":[{"href":"https:\/\/artimarti.com\/index.php\/wp-json\/wp\/v2\/types\/product"}],"wp:featuredmedia":[{"embeddable":true,"href":"https:\/\/artimarti.com\/index.php\/wp-json\/wp\/v2\/media\/6383"}],"wp:attachment":[{"href":"https:\/\/artimarti.com\/index.php\/wp-json\/wp\/v2\/media?parent=5462"}],"wp:term":[{"taxonomy":"product_brand","embeddable":true,"href":"https:\/\/artimarti.com\/index.php\/wp-json\/wp\/v2\/product_brand?post=5462"},{"taxonomy":"product_cat","embeddable":true,"href":"https:\/\/artimarti.com\/index.php\/wp-json\/wp\/v2\/product_cat?post=5462"},{"taxonomy":"product_tag","embeddable":true,"href":"https:\/\/artimarti.com\/index.php\/wp-json\/wp\/v2\/product_tag?post=5462"}],"curies":[{"name":"wp","href":"https:\/\/api.w.org\/{rel}","templated":true}]}}