{"id":4958,"date":"2024-07-06T23:26:07","date_gmt":"2024-07-06T21:26:07","guid":{"rendered":"https:\/\/artimarti.com\/?post_type=product&#038;p=4958"},"modified":"2026-01-20T15:05:34","modified_gmt":"2026-01-20T14:05:34","slug":"prstenje","status":"publish","type":"product","link":"https:\/\/artimarti.com\/index.php\/proizvod\/prstenje\/","title":{"rendered":"Prstenje"},"content":{"rendered":"","protected":false},"excerpt":{"rendered":"<p>Jednostavni, rastezljivi, a posebni s vrlo zanimljivim dizajnom, samim time prikladni za svakodnevno no\u0161enje.<\/p>\n<p>Materijal :<br \/>\n\u2013 nehr\u0111aju\u0107i \u010delik, otporan na hr\u0111u i guljenje<\/p>\n<p>Nakit ne sadr\u017ei :<br \/>\n\u2013 nikal<br \/>\n\u2013 olovo<br \/>\n\u2013 kadmij<br \/>\n\u2013 ne izaziva alergije<\/p>\n<p><strong>\u00a0POPUST OD 30% NA SVO PRSTENJE UZ KOD PRSTEN30<\/strong><\/p>\n","protected":false},"featured_media":7421,"template":"","meta":[],"product_brand":[],"product_cat":[451],"product_tag":[],"class_list":{"0":"post-4958","1":"product","2":"type-product","3":"status-publish","4":"has-post-thumbnail","6":"product_cat-prstenje","8":"first","9":"instock","10":"shipping-taxable","11":"purchasable","12":"product-type-variable"},"_links":{"self":[{"href":"https:\/\/artimarti.com\/index.php\/wp-json\/wp\/v2\/product\/4958","targetHints":{"allow":["GET"]}}],"collection":[{"href":"https:\/\/artimarti.com\/index.php\/wp-json\/wp\/v2\/product"}],"about":[{"href":"https:\/\/artimarti.com\/index.php\/wp-json\/wp\/v2\/types\/product"}],"wp:featuredmedia":[{"embeddable":true,"href":"https:\/\/artimarti.com\/index.php\/wp-json\/wp\/v2\/media\/7421"}],"wp:attachment":[{"href":"https:\/\/artimarti.com\/index.php\/wp-json\/wp\/v2\/media?parent=4958"}],"wp:term":[{"taxonomy":"product_brand","embeddable":true,"href":"https:\/\/artimarti.com\/index.php\/wp-json\/wp\/v2\/product_brand?post=4958"},{"taxonomy":"product_cat","embeddable":true,"href":"https:\/\/artimarti.com\/index.php\/wp-json\/wp\/v2\/product_cat?post=4958"},{"taxonomy":"product_tag","embeddable":true,"href":"https:\/\/artimarti.com\/index.php\/wp-json\/wp\/v2\/product_tag?post=4958"}],"curies":[{"name":"wp","href":"https:\/\/api.w.org\/{rel}","templated":true}]}}