{"id":4358,"date":"2024-04-17T15:24:45","date_gmt":"2024-04-17T13:24:45","guid":{"rendered":"https:\/\/artimarti.com\/?post_type=product&#038;p=4358"},"modified":"2025-12-18T18:48:27","modified_gmt":"2025-12-18T17:48:27","slug":"poklon-bon","status":"publish","type":"product","link":"https:\/\/artimarti.com\/index.php\/proizvod\/poklon-bon\/","title":{"rendered":"Poklon Bon"},"content":{"rendered":"","protected":false},"excerpt":{"rendered":"<p>\u017deli\u0161 dragoj osobi dati mogu\u0107nost odabira vlastitog nakita po izboru?<\/p>\n<p>To je upravo ono \u0161to Vam daje odabir Poklon Bona.<\/p>\n<p>Izaberi \u017eeljeni iznos i poklon bon \u0161aljemo na adresu koju unese\u0161.<\/p>\n<p>Pla\u0107anjem dostave za Poklon Bon pla\u0107ate automatski i dostavu prilikom kori\u0161tenja istog.<\/p>\n","protected":false},"featured_media":4357,"template":"","meta":[],"product_brand":[],"product_cat":[391],"product_tag":[],"class_list":{"0":"post-4358","1":"product","2":"type-product","3":"status-publish","4":"has-post-thumbnail","6":"product_cat-poklon-bon","8":"first","9":"instock","10":"shipping-taxable","11":"purchasable","12":"product-type-variable"},"_links":{"self":[{"href":"https:\/\/artimarti.com\/index.php\/wp-json\/wp\/v2\/product\/4358","targetHints":{"allow":["GET"]}}],"collection":[{"href":"https:\/\/artimarti.com\/index.php\/wp-json\/wp\/v2\/product"}],"about":[{"href":"https:\/\/artimarti.com\/index.php\/wp-json\/wp\/v2\/types\/product"}],"wp:featuredmedia":[{"embeddable":true,"href":"https:\/\/artimarti.com\/index.php\/wp-json\/wp\/v2\/media\/4357"}],"wp:attachment":[{"href":"https:\/\/artimarti.com\/index.php\/wp-json\/wp\/v2\/media?parent=4358"}],"wp:term":[{"taxonomy":"product_brand","embeddable":true,"href":"https:\/\/artimarti.com\/index.php\/wp-json\/wp\/v2\/product_brand?post=4358"},{"taxonomy":"product_cat","embeddable":true,"href":"https:\/\/artimarti.com\/index.php\/wp-json\/wp\/v2\/product_cat?post=4358"},{"taxonomy":"product_tag","embeddable":true,"href":"https:\/\/artimarti.com\/index.php\/wp-json\/wp\/v2\/product_tag?post=4358"}],"curies":[{"name":"wp","href":"https:\/\/api.w.org\/{rel}","templated":true}]}}