{"id":3178,"date":"2023-09-30T14:50:52","date_gmt":"2023-09-30T12:50:52","guid":{"rendered":"https:\/\/artimarti.com\/?post_type=product&#038;p=3178"},"modified":"2026-01-01T17:59:30","modified_gmt":"2026-01-01T16:59:30","slug":"personalizirana-heart-narukvica-s-dva-privjeska-kopiraj","status":"publish","type":"product","link":"https:\/\/artimarti.com\/index.php\/proizvod\/personalizirana-heart-narukvica-s-dva-privjeska-kopiraj\/","title":{"rendered":"Personalizirana Heart narukvica s dva privjeska"},"content":{"rendered":"","protected":false},"excerpt":{"rendered":"<p>Personaliziraj izabrani komad nakita rukopisom voljene osobe ili stvori uspomenu najdra\u017eoj osobi svojim rukopisom.<br \/>\nMaterijal :<br \/>\n&#8211; nehr\u0111aju\u0107i \u010delik, otporan na hr\u0111u i guljenje<br \/>\nNakit ne sadr\u017ei :<br \/>\n&#8211; nikal<br \/>\n&#8211; olovo<br \/>\n&#8211; kadmij<br \/>\n&#8211; ne izaziva alergije<br \/>\n&#8211; zahtjeva minimalno odr\u017eavanje<\/p>\n<p><strong>Napomena: slika treba biti jasno vidljiva,a ukoliko slika ne bude odgovaraju\u0107a javit \u0107emo vam se povratno putem e-maila.<\/strong><\/p>\n<p><strong>Prilikom odabira modela, naru\u010dujete isti u \u017eeljenoj boji.<\/strong><\/p>\n","protected":false},"featured_media":3223,"template":"","meta":[],"product_brand":[],"product_cat":[345],"product_tag":[],"class_list":{"0":"post-3178","1":"product","2":"type-product","3":"status-publish","4":"has-post-thumbnail","6":"product_cat-personalizirane-slike","8":"first","9":"instock","10":"sold-individually","11":"shipping-taxable","12":"purchasable","13":"product-type-variable"},"_links":{"self":[{"href":"https:\/\/artimarti.com\/index.php\/wp-json\/wp\/v2\/product\/3178","targetHints":{"allow":["GET"]}}],"collection":[{"href":"https:\/\/artimarti.com\/index.php\/wp-json\/wp\/v2\/product"}],"about":[{"href":"https:\/\/artimarti.com\/index.php\/wp-json\/wp\/v2\/types\/product"}],"wp:featuredmedia":[{"embeddable":true,"href":"https:\/\/artimarti.com\/index.php\/wp-json\/wp\/v2\/media\/3223"}],"wp:attachment":[{"href":"https:\/\/artimarti.com\/index.php\/wp-json\/wp\/v2\/media?parent=3178"}],"wp:term":[{"taxonomy":"product_brand","embeddable":true,"href":"https:\/\/artimarti.com\/index.php\/wp-json\/wp\/v2\/product_brand?post=3178"},{"taxonomy":"product_cat","embeddable":true,"href":"https:\/\/artimarti.com\/index.php\/wp-json\/wp\/v2\/product_cat?post=3178"},{"taxonomy":"product_tag","embeddable":true,"href":"https:\/\/artimarti.com\/index.php\/wp-json\/wp\/v2\/product_tag?post=3178"}],"curies":[{"name":"wp","href":"https:\/\/api.w.org\/{rel}","templated":true}]}}