{"id":2073,"date":"2023-02-18T14:45:50","date_gmt":"2023-02-18T13:45:50","guid":{"rendered":"https:\/\/artimarti.com\/?post_type=product&#038;p=2073"},"modified":"2026-01-01T18:06:10","modified_gmt":"2026-01-01T17:06:10","slug":"matchy-narukvice-za-parove","status":"publish","type":"product","link":"https:\/\/artimarti.com\/index.php\/proizvod\/matchy-narukvice-za-parove\/","title":{"rendered":"Matchy narukvice za parove"},"content":{"rendered":"<p>Matchy narukvice za nju i njega, jednostavne, unikatne i iznimno lagane za nositi.<br \/>\nPrilagodljive \u0161irine.<\/p>\n<p>Odaberi svoj model nakita i kreiraj svoj vlastiti dizajn narukvice.<\/p>\n<p>Materijal :<br \/>\n\u2013 nehr\u0111aju\u0107i \u010delik, otporan na hr\u0111u i guljenje<\/p>\n<p>Nakit ne sadr\u017ei :<br \/>\n\u2013 nikal<br \/>\n\u2013 olovo<br \/>\n\u2013 kadmij<br \/>\n\u2013 ne izaziva alergije<br \/>\n\u2013 zahtjeva minimalno odr\u017eavanje<\/p>\n<p><strong>Napomena: Prilikom odabira modela, naru\u010dujete isti u \u017eeljenoj boji. <\/strong><\/p>\n<p><strong>Obostrana gravura je ura\u010dunata u cijenu i ne napla\u0107uje se dodatno.<\/strong><\/p>\n","protected":false},"excerpt":{"rendered":"<p>Matchy narukvice za nju i njega, jednostavne, unikatne i iznimno lagane za nositi. Prilagodljive \u0161irine. Odaberi svoj model nakita i kreiraj svoj vlastiti dizajn narukvice. Materijal : \u2013 nehr\u0111aju\u0107i \u010delik, otporan na hr\u0111u i guljenje Nakit ne sadr\u017ei : \u2013 nikal \u2013 olovo \u2013 kadmij \u2013 ne izaziva alergije \u2013 zahtjeva minimalno odr\u017eavanje Napomena: Prilikom [&hellip;]<\/p>\n","protected":false},"featured_media":0,"template":"","meta":[],"product_brand":[],"product_cat":[41],"product_tag":[],"class_list":{"0":"post-2073","1":"product","2":"type-product","3":"status-publish","5":"product_cat-narukvice","7":"first","8":"instock","9":"sold-individually","10":"shipping-taxable","11":"purchasable","12":"product-type-simple"},"_links":{"self":[{"href":"https:\/\/artimarti.com\/index.php\/wp-json\/wp\/v2\/product\/2073","targetHints":{"allow":["GET"]}}],"collection":[{"href":"https:\/\/artimarti.com\/index.php\/wp-json\/wp\/v2\/product"}],"about":[{"href":"https:\/\/artimarti.com\/index.php\/wp-json\/wp\/v2\/types\/product"}],"wp:attachment":[{"href":"https:\/\/artimarti.com\/index.php\/wp-json\/wp\/v2\/media?parent=2073"}],"wp:term":[{"taxonomy":"product_brand","embeddable":true,"href":"https:\/\/artimarti.com\/index.php\/wp-json\/wp\/v2\/product_brand?post=2073"},{"taxonomy":"product_cat","embeddable":true,"href":"https:\/\/artimarti.com\/index.php\/wp-json\/wp\/v2\/product_cat?post=2073"},{"taxonomy":"product_tag","embeddable":true,"href":"https:\/\/artimarti.com\/index.php\/wp-json\/wp\/v2\/product_tag?post=2073"}],"curies":[{"name":"wp","href":"https:\/\/api.w.org\/{rel}","templated":true}]}}