{"id":2064,"date":"2023-02-14T00:35:32","date_gmt":"2023-02-13T23:35:32","guid":{"rendered":"https:\/\/artimarti.com\/?post_type=product&#038;p=2064"},"modified":"2026-01-01T18:06:36","modified_gmt":"2026-01-01T17:06:36","slug":"ogrlica-srce","status":"publish","type":"product","link":"https:\/\/artimarti.com\/index.php\/proizvod\/ogrlica-srce\/","title":{"rendered":"Ogrlica srce"},"content":{"rendered":"","protected":false},"excerpt":{"rendered":"<p>Elegantna, posebna i zbog jednostavnosti nosiva u svim prilikama.<br \/>\nOdaberi svoj model nakita i kreiraj svoj vlastiti dizajn ogrlice.<\/p>\n<p>Materijal :<br \/>\n\u2013 nehr\u0111aju\u0107i \u010delik, otporan na hr\u0111u i guljenje<\/p>\n<p>Nakit ne sadr\u017ei :<br \/>\n\u2013 nikal<br \/>\n\u2013 olovo<br \/>\n\u2013 kadmij<br \/>\n\u2013 ne izaziva alergije<br \/>\n\u2013 zahtjeva minimalno odr\u017eavanje<\/p>\n<p><strong>Napomena: Prilikom odabira modela, naru\u010dujete isti u \u017eeljenoj boji.<\/strong><\/p>\n<p><em><strong>Gravura mogu\u0107a isklju\u010divo s unutarnje strane privjeska!<\/strong><\/em><\/p>\n","protected":false},"featured_media":2065,"template":"","meta":[],"product_brand":[],"product_cat":[19,138],"product_tag":[],"class_list":{"0":"post-2064","1":"product","2":"type-product","3":"status-publish","4":"has-post-thumbnail","6":"product_cat-ogrlice","7":"product_cat-ogrlice-s-jednim-privjeskom","9":"first","10":"instock","11":"sold-individually","12":"shipping-taxable","13":"purchasable","14":"product-type-variable"},"_links":{"self":[{"href":"https:\/\/artimarti.com\/index.php\/wp-json\/wp\/v2\/product\/2064","targetHints":{"allow":["GET"]}}],"collection":[{"href":"https:\/\/artimarti.com\/index.php\/wp-json\/wp\/v2\/product"}],"about":[{"href":"https:\/\/artimarti.com\/index.php\/wp-json\/wp\/v2\/types\/product"}],"wp:featuredmedia":[{"embeddable":true,"href":"https:\/\/artimarti.com\/index.php\/wp-json\/wp\/v2\/media\/2065"}],"wp:attachment":[{"href":"https:\/\/artimarti.com\/index.php\/wp-json\/wp\/v2\/media?parent=2064"}],"wp:term":[{"taxonomy":"product_brand","embeddable":true,"href":"https:\/\/artimarti.com\/index.php\/wp-json\/wp\/v2\/product_brand?post=2064"},{"taxonomy":"product_cat","embeddable":true,"href":"https:\/\/artimarti.com\/index.php\/wp-json\/wp\/v2\/product_cat?post=2064"},{"taxonomy":"product_tag","embeddable":true,"href":"https:\/\/artimarti.com\/index.php\/wp-json\/wp\/v2\/product_tag?post=2064"}],"curies":[{"name":"wp","href":"https:\/\/api.w.org\/{rel}","templated":true}]}}