{"id":1033,"date":"2022-12-04T19:17:29","date_gmt":"2022-12-04T18:17:29","guid":{"rendered":"https:\/\/artimarti.com\/?post_type=product&#038;p=1033"},"modified":"2026-01-01T18:20:45","modified_gmt":"2026-01-01T17:20:45","slug":"narukvica-heart-s-tri-privjeska","status":"publish","type":"product","link":"https:\/\/artimarti.com\/index.php\/proizvod\/narukvica-heart-s-tri-privjeska\/","title":{"rendered":"Narukvica Heart s tri privjeska"},"content":{"rendered":"","protected":false},"excerpt":{"rendered":"<p>Jednostavne, unikatne i iznimno lagane za nositi.<br \/>\nSvaka narukvica je prilagodljive \u0161irine i sami ju prilago\u0111avate \u0161irini ruke.<br \/>\nOdaberi svoj model nakita i kreiraj svoj vlastiti dizajn narukvice.<\/p>\n<p>Materijal :<br \/>\n&#8211; nehr\u0111aju\u0107i \u010delik, otporan na hr\u0111u i guljenje<\/p>\n<p>Nakit ne sadr\u017ei :<br \/>\n&#8211; nikal<br \/>\n&#8211; olovo<br \/>\n&#8211; kadmij<br \/>\n&#8211; ne izaziva alergije<br \/>\n&#8211; zahtjeva minimalno odr\u017eavanje<\/p>\n<p><strong>Napomena: Prilikom odabira modela, naru\u010dujete isti u \u017eeljenoj boji.<br \/>\nObostrana gravura je ura\u010dunata u cijenu i ne napla\u0107uje se dodatno.<\/strong><\/p>\n","protected":false},"featured_media":958,"template":"","meta":[],"product_brand":[],"product_cat":[41,77],"product_tag":[],"class_list":{"0":"post-1033","1":"product","2":"type-product","3":"status-publish","4":"has-post-thumbnail","6":"product_cat-narukvice","7":"product_cat-narukvice-s-3-privjeska","9":"first","10":"instock","11":"sold-individually","12":"shipping-taxable","13":"purchasable","14":"product-type-variable"},"_links":{"self":[{"href":"https:\/\/artimarti.com\/index.php\/wp-json\/wp\/v2\/product\/1033","targetHints":{"allow":["GET"]}}],"collection":[{"href":"https:\/\/artimarti.com\/index.php\/wp-json\/wp\/v2\/product"}],"about":[{"href":"https:\/\/artimarti.com\/index.php\/wp-json\/wp\/v2\/types\/product"}],"wp:featuredmedia":[{"embeddable":true,"href":"https:\/\/artimarti.com\/index.php\/wp-json\/wp\/v2\/media\/958"}],"wp:attachment":[{"href":"https:\/\/artimarti.com\/index.php\/wp-json\/wp\/v2\/media?parent=1033"}],"wp:term":[{"taxonomy":"product_brand","embeddable":true,"href":"https:\/\/artimarti.com\/index.php\/wp-json\/wp\/v2\/product_brand?post=1033"},{"taxonomy":"product_cat","embeddable":true,"href":"https:\/\/artimarti.com\/index.php\/wp-json\/wp\/v2\/product_cat?post=1033"},{"taxonomy":"product_tag","embeddable":true,"href":"https:\/\/artimarti.com\/index.php\/wp-json\/wp\/v2\/product_tag?post=1033"}],"curies":[{"name":"wp","href":"https:\/\/api.w.org\/{rel}","templated":true}]}}